{"id":825,"date":"2022-08-06T12:49:46","date_gmt":"2022-08-06T15:49:46","guid":{"rendered":"http:\/\/www.alpicool.com.ar\/wp\/?page_id=825"},"modified":"2022-08-06T13:24:22","modified_gmt":"2022-08-06T16:24:22","slug":"alpicool-r50","status":"publish","type":"page","link":"http:\/\/www.alpicool.com.ar\/wp\/alpicool-r50\/","title":{"rendered":"Alpicool R50"},"content":{"rendered":"\n<h3>Alpicool R50 (50 Litros de capacidad \u00fatil) <\/h3>\n\n\n\n<h4>Apertura frontal bilateral, Doble Zona con control de temperaturas independientes !!<\/h4>\n\n\n\n<figure class=\"wp-block-image size-full is-style-default\"><img decoding=\"async\" loading=\"lazy\" width=\"379\" height=\"342\" src=\"http:\/\/www.alpicool.com.ar\/wp\/wp-content\/uploads\/2022\/08\/R50.png\" alt=\"\" class=\"wp-image-865\" srcset=\"http:\/\/www.alpicool.com.ar\/wp\/wp-content\/uploads\/2022\/08\/R50.png 379w, http:\/\/www.alpicool.com.ar\/wp\/wp-content\/uploads\/2022\/08\/R50-300x271.png 300w\" sizes=\"(max-width: 379px) 100vw, 379px\" \/><\/figure>\n\n\n\n<ul class=\"has-black-color has-text-color\"><li><span class=\"has-inline-color has-black-color\"><strong><strong>Puerta de apertura frontal dual (derecha o izquierda)<\/strong><\/strong><\/span><\/li><li><span class=\"has-inline-color has-black-color\"><strong><strong>2 zonas (Freezer\/Frescos) c\/u con control de temperatura independiente<\/strong><\/strong><\/span><\/li><li><span class=\"has-inline-color has-black-color\"><strong><span class=\"has-inline-color has-black-color\"><strong>Con verdadero compresor a 12\/24v (conexi\u00f3n ficha encendedor)<\/strong><\/span><\/strong><\/span><\/li><li><span class=\"has-inline-color has-black-color\"><strong><strong>Incluye fuente adaptador a 220V<\/strong><\/strong><\/span><\/li><li><span class=\"has-inline-color has-black-color\"><strong><span class=\"has-inline-color has-black-color\"><strong>Hace hielo<\/strong><\/span> <strong>y freeza alimentos<\/strong><\/strong><\/span><\/li><li><span class=\"has-inline-color has-black-color\"><strong><span class=\"has-inline-color has-black-color\"><strong>Ajuste digital de temperatura (en cada zona independiente) hasta -20<\/strong> <strong>\u00b0C<\/strong><\/span><\/strong><\/span><\/li><li><span class=\"has-inline-color has-black-color\"><strong><strong>Controles desde el panel o desde APP Bluetooth (iOS o Android)<\/strong><\/strong><\/span><\/li><li><strong>3 niveles de protecci\u00f3n de bater\u00eda baja<\/strong><\/li><li><span class=\"has-inline-color has-black-color\"><strong><span class=\"has-inline-color has-black-color\"><strong>Bajo consumo<\/strong><\/span><\/strong><\/span><\/li><\/ul>\n\n\n\n<p class=\"has-black-color has-text-color\"><strong>Enfriamiento r\u00e1pido<\/strong><\/p>\n\n\n\n<p class=\"has-black-color has-text-color\">Por su tecnolog\u00eda de enfriamiento a compresor, estas heladeras logran un enfriamiento r\u00e1pido de 30\u00b0C a 0\u00b0C en 30 minutos. Tambi\u00e9n puede elegir el modo ECO para menor consumo o el modo MAX para un enfriamiento r\u00e1pido.<\/p>\n\n\n\n<p class=\"has-black-color has-text-color\"><strong>Protecci\u00f3n de la bater\u00eda:<\/strong><\/p>\n\n\n\n<p class=\"has-black-color has-text-color\">Cuenta con 3 niveles diferentes para la protecci\u00f3n de la bater\u00eda: baja, media y alta. Este dise\u00f1o podr\u00eda satisfacer sus diferentes necesidades y proteger bien la bater\u00eda de su veh\u00edculo o embarcaci\u00f3n.<\/p>\n\n\n\n<p class=\"has-black-color has-text-color\"><strong>Pantalla LCD:<\/strong><\/p>\n\n\n\n<p class=\"has-black-color has-text-color\">Con pantalla LCD y f\u00e1cil ajuste de modo y temperatura digital.<\/p>\n\n\n\n<p class=\"has-black-color has-text-color\"><strong>Calidad:<\/strong><\/p>\n\n\n\n<p class=\"has-black-color has-text-color\">Responde a los m\u00e1s altos est\u00e1ndares de calidad y cumple con las m\u00e1s importantes Certificaciones internacionales como la de la UE y C-tick (esta \u00faltima nos garantiza no producir interferencia o ruido en el VHF)<\/p>\n\n\n\n<p class=\"has-black-color has-text-color\"><strong>Certificaciones de Calidad en UE, USA y otros mercados internacionales<\/strong><\/p>\n\n\n\n<figure class=\"is-layout-flex wp-block-gallery-1 wp-block-gallery columns-3 is-cropped\"><ul class=\"blocks-gallery-grid\"><li class=\"blocks-gallery-item\"><figure><img decoding=\"async\" loading=\"lazy\" width=\"361\" height=\"366\" src=\"http:\/\/www.alpicool.com.ar\/wp\/wp-content\/uploads\/2022\/08\/R50_fte.png\" alt=\"\" data-id=\"872\" data-link=\"http:\/\/www.alpicool.com.ar\/wp\/?attachment_id=872\" class=\"wp-image-872\" srcset=\"http:\/\/www.alpicool.com.ar\/wp\/wp-content\/uploads\/2022\/08\/R50_fte.png 361w, http:\/\/www.alpicool.com.ar\/wp\/wp-content\/uploads\/2022\/08\/R50_fte-296x300.png 296w\" sizes=\"(max-width: 361px) 100vw, 361px\" \/><\/figure><\/li><li class=\"blocks-gallery-item\"><figure><img decoding=\"async\" loading=\"lazy\" width=\"529\" height=\"445\" src=\"http:\/\/www.alpicool.com.ar\/wp\/wp-content\/uploads\/2022\/08\/R50_abierta.png\" alt=\"\" data-id=\"866\" data-link=\"http:\/\/www.alpicool.com.ar\/wp\/?attachment_id=866\" class=\"wp-image-866\" srcset=\"http:\/\/www.alpicool.com.ar\/wp\/wp-content\/uploads\/2022\/08\/R50_abierta.png 529w, http:\/\/www.alpicool.com.ar\/wp\/wp-content\/uploads\/2022\/08\/R50_abierta-300x252.png 300w\" sizes=\"(max-width: 529px) 100vw, 529px\" \/><\/figure><\/li><li class=\"blocks-gallery-item\"><figure><img decoding=\"async\" loading=\"lazy\" width=\"425\" height=\"396\" src=\"http:\/\/www.alpicool.com.ar\/wp\/wp-content\/uploads\/2022\/08\/R50_abierta2.png\" alt=\"\" data-id=\"873\" data-full-url=\"http:\/\/www.alpicool.com.ar\/wp\/wp-content\/uploads\/2022\/08\/R50_abierta2.png\" data-link=\"http:\/\/www.alpicool.com.ar\/wp\/?attachment_id=873\" class=\"wp-image-873\" srcset=\"http:\/\/www.alpicool.com.ar\/wp\/wp-content\/uploads\/2022\/08\/R50_abierta2.png 425w, http:\/\/www.alpicool.com.ar\/wp\/wp-content\/uploads\/2022\/08\/R50_abierta2-300x280.png 300w\" sizes=\"(max-width: 425px) 100vw, 425px\" \/><\/figure><\/li><li class=\"blocks-gallery-item\"><figure><img decoding=\"async\" loading=\"lazy\" width=\"222\" height=\"223\" src=\"http:\/\/www.alpicool.com.ar\/wp\/wp-content\/uploads\/2022\/08\/controles_1.png\" alt=\"\" data-id=\"867\" data-link=\"http:\/\/www.alpicool.com.ar\/wp\/?attachment_id=867\" class=\"wp-image-867\" srcset=\"http:\/\/www.alpicool.com.ar\/wp\/wp-content\/uploads\/2022\/08\/controles_1.png 222w, http:\/\/www.alpicool.com.ar\/wp\/wp-content\/uploads\/2022\/08\/controles_1-150x150.png 150w\" sizes=\"(max-width: 222px) 100vw, 222px\" \/><\/figure><\/li><li class=\"blocks-gallery-item\"><figure><img decoding=\"async\" loading=\"lazy\" width=\"222\" height=\"184\" src=\"http:\/\/www.alpicool.com.ar\/wp\/wp-content\/uploads\/2022\/08\/estantes.png\" alt=\"\" data-id=\"868\" data-link=\"http:\/\/www.alpicool.com.ar\/wp\/?attachment_id=868\" class=\"wp-image-868\"\/><\/figure><\/li><li class=\"blocks-gallery-item\"><figure><img decoding=\"async\" loading=\"lazy\" width=\"222\" height=\"183\" src=\"http:\/\/www.alpicool.com.ar\/wp\/wp-content\/uploads\/2022\/08\/Sist_cierre.png\" alt=\"\" data-id=\"869\" data-link=\"http:\/\/www.alpicool.com.ar\/wp\/?attachment_id=869\" class=\"wp-image-869\"\/><\/figure><\/li><li class=\"blocks-gallery-item\"><figure><img decoding=\"async\" loading=\"lazy\" width=\"335\" height=\"335\" src=\"http:\/\/www.alpicool.com.ar\/wp\/wp-content\/uploads\/2022\/08\/R50-medidas.png\" alt=\"\" data-id=\"876\" data-full-url=\"http:\/\/www.alpicool.com.ar\/wp\/wp-content\/uploads\/2022\/08\/R50-medidas.png\" data-link=\"http:\/\/www.alpicool.com.ar\/wp\/?attachment_id=876\" class=\"wp-image-876\" srcset=\"http:\/\/www.alpicool.com.ar\/wp\/wp-content\/uploads\/2022\/08\/R50-medidas.png 335w, http:\/\/www.alpicool.com.ar\/wp\/wp-content\/uploads\/2022\/08\/R50-medidas-300x300.png 300w, http:\/\/www.alpicool.com.ar\/wp\/wp-content\/uploads\/2022\/08\/R50-medidas-150x150.png 150w\" sizes=\"(max-width: 335px) 100vw, 335px\" \/><\/figure><\/li><li class=\"blocks-gallery-item\"><figure><img decoding=\"async\" loading=\"lazy\" width=\"409\" height=\"376\" src=\"http:\/\/www.alpicool.com.ar\/wp\/wp-content\/uploads\/2021\/07\/APPy220v-1.png\" alt=\"\" data-id=\"523\" data-link=\"http:\/\/www.alpicool.com.ar\/wp\/alpicool-nx42\/attachment\/appy220v-1\/\" class=\"wp-image-523\" srcset=\"http:\/\/www.alpicool.com.ar\/wp\/wp-content\/uploads\/2021\/07\/APPy220v-1.png 409w, http:\/\/www.alpicool.com.ar\/wp\/wp-content\/uploads\/2021\/07\/APPy220v-1-300x276.png 300w\" sizes=\"(max-width: 409px) 100vw, 409px\" \/><\/figure><\/li><li class=\"blocks-gallery-item\"><figure><img decoding=\"async\" loading=\"lazy\" width=\"750\" height=\"618\" src=\"http:\/\/www.alpicool.com.ar\/wp\/wp-content\/uploads\/2022\/08\/usos.jpg\" alt=\"\" data-id=\"871\" data-link=\"http:\/\/www.alpicool.com.ar\/wp\/?attachment_id=871\" class=\"wp-image-871\" srcset=\"http:\/\/www.alpicool.com.ar\/wp\/wp-content\/uploads\/2022\/08\/usos.jpg 750w, http:\/\/www.alpicool.com.ar\/wp\/wp-content\/uploads\/2022\/08\/usos-300x247.jpg 300w\" sizes=\"(max-width: 750px) 100vw, 750px\" \/><\/figure><\/li><\/ul><\/figure>\n\n\n\n<p class=\"has-black-color has-text-color\"><strong>Folleto para descargar: <br><\/strong><\/p>\n\n\n\n<div class=\"wp-block-file\"><a href=\"http:\/\/www.alpicool.com.ar\/wp\/wp-content\/uploads\/2022\/08\/Alpicool-Folleto-R50.pdf\">Alpicool-Folleto-R50<\/a><a href=\"http:\/\/www.alpicool.com.ar\/wp\/wp-content\/uploads\/2022\/08\/Alpicool-Folleto-R50.pdf\" class=\"wp-block-file__button\" download>Descarga<\/a><\/div>\n\n\n\n<ul class=\"has-black-color has-text-color\"><li><strong>Marca: Alpicool<\/strong><\/li><li><strong>Modelo: <\/strong>R50<\/li><li><strong>Tipo de enfriamiento: <\/strong>A compresor<\/li><li><strong>Potencia: <\/strong>60W<\/li><li><strong>Consumo: <\/strong>0.26kw.h\/24h<\/li><li><strong>Capacidad:<\/strong> 50L en 2 zonas, con control de temperatura independiente para c\/u<\/li><li><strong>Alimentaci\u00f3n: <\/strong>DC 12V \/ 24V CC y Fuente Adaptador a 220V CA <\/li><li><strong>Refrigerante<\/strong>: R134a<\/li><li><strong>Rango Temperaturas: <\/strong>-20\u2103~10\u2103<\/li><li><strong>Control:<\/strong> Botonera con Display y por APP c\/Bluetooth<\/li><li><strong>Pa\u00eds de Origen:<\/strong> China<\/li><li><strong>Certificaciones de calidad: <\/strong>CE, RoHS, UL, C-tick, otros<\/li><li><strong>Garant\u00eda:<\/strong> 12 meses<\/li><li><strong>Peso: <\/strong>Producto: 16,2 KG<\/li><li><strong>Medidas:(Largo*Ancho*Alto): <\/strong>  380*479*536mm<\/li><\/ul>\n\n\n\n<p><\/p>\n","protected":false},"excerpt":{"rendered":"<p>Alpicool R50 (50 Litros de capacidad \u00fatil) Apertura frontal bilateral, Doble Zona con control de temperaturas independientes !! Puerta de apertura frontal dual (derecha o izquierda) 2 zonas (Freezer\/Frescos) c\/u con control de temperatura independiente Con verdadero compresor a 12\/24v (conexi\u00f3n ficha encendedor) Incluye fuente adaptador a 220V Hace hielo y freeza alimentos Ajuste digital&hellip; <br \/> <a class=\"read-more\" href=\"http:\/\/www.alpicool.com.ar\/wp\/alpicool-r50\/\">Leer m\u00e1s<\/a><\/p>\n","protected":false},"author":1,"featured_media":0,"parent":0,"menu_order":0,"comment_status":"closed","ping_status":"open","template":"page-templates\/homepage.php","meta":[],"_links":{"self":[{"href":"http:\/\/www.alpicool.com.ar\/wp\/wp-json\/wp\/v2\/pages\/825"}],"collection":[{"href":"http:\/\/www.alpicool.com.ar\/wp\/wp-json\/wp\/v2\/pages"}],"about":[{"href":"http:\/\/www.alpicool.com.ar\/wp\/wp-json\/wp\/v2\/types\/page"}],"author":[{"embeddable":true,"href":"http:\/\/www.alpicool.com.ar\/wp\/wp-json\/wp\/v2\/users\/1"}],"replies":[{"embeddable":true,"href":"http:\/\/www.alpicool.com.ar\/wp\/wp-json\/wp\/v2\/comments?post=825"}],"version-history":[{"count":7,"href":"http:\/\/www.alpicool.com.ar\/wp\/wp-json\/wp\/v2\/pages\/825\/revisions"}],"predecessor-version":[{"id":904,"href":"http:\/\/www.alpicool.com.ar\/wp\/wp-json\/wp\/v2\/pages\/825\/revisions\/904"}],"wp:attachment":[{"href":"http:\/\/www.alpicool.com.ar\/wp\/wp-json\/wp\/v2\/media?parent=825"}],"curies":[{"name":"wp","href":"https:\/\/api.w.org\/{rel}","templated":true}]}}